{"id":669,"date":"2024-08-23T16:51:20","date_gmt":"2024-08-23T16:51:20","guid":{"rendered":"https:\/\/vatulanampumarata.net\/wp\/?page_id=669"},"modified":"2025-01-08T18:03:05","modified_gmt":"2025-01-08T18:03:05","slug":"hiekkamyrsky-2024","status":"publish","type":"page","link":"https:\/\/vatulanampumarata.net\/wp\/hiekkamyrsky-2024\/","title":{"rendered":"Hiekkamyrsky 2024"},"content":{"rendered":"<p>[et_pb_section fb_built=&#8221;1&#8243; module_id=&#8221;hallitus&#8221; _builder_version=&#8221;4.27.0&#8243; _module_preset=&#8221;default&#8221; background_enable_image=&#8221;off&#8221; global_colors_info=&#8221;{}&#8221;][et_pb_row _builder_version=&#8221;4.16&#8243; _module_preset=&#8221;default&#8221; global_colors_info=&#8221;{}&#8221;][et_pb_column type=&#8221;4_4&#8243; _builder_version=&#8221;4.16&#8243; _module_preset=&#8221;default&#8221; global_colors_info=&#8221;{}&#8221;][et_pb_text _builder_version=&#8221;4.27.2&#8243; _module_preset=&#8221;default&#8221; text_orientation=&#8221;center&#8221; hover_enabled=&#8221;0&#8243; global_colors_info=&#8221;{}&#8221; sticky_enabled=&#8221;0&#8243;]<\/p>\n<h1>Vatulan Hiekkamyrsky SRA kilpailu<\/h1>\n<p>Ikaalisten Reservil\u00e4iset \/ Ikaalisten Reserviupseerikerho 30.8.-1.9.2024<\/p>\n<p>[\/et_pb_text][\/et_pb_column][\/et_pb_row][et_pb_row column_structure=&#8221;1_2,1_2&#8243; _builder_version=&#8221;4.24.2&#8243; _module_preset=&#8221;default&#8221; global_colors_info=&#8221;{}&#8221;][et_pb_column type=&#8221;1_2&#8243; _builder_version=&#8221;4.24.2&#8243; _module_preset=&#8221;default&#8221; global_colors_info=&#8221;{}&#8221;][et_pb_image src=&#8221;https:\/\/vatulanampumarata.net\/wp\/wp-content\/uploads\/2024\/08\/Vatulan-hiekkamyrsky.png&#8221; title_text=&#8221;Vatulan hiekkamyrsky&#8221; url=&#8221;https:\/\/shootnscoreit.com\/event\/22\/21278\/&#8221; align=&#8221;center&#8221; _builder_version=&#8221;4.27.0&#8243; _module_preset=&#8221;default&#8221; min_height=&#8221;300px&#8221; height=&#8221;300px&#8221; global_colors_info=&#8221;{}&#8221;][\/et_pb_image][\/et_pb_column][et_pb_column type=&#8221;1_2&#8243; _builder_version=&#8221;4.24.2&#8243; _module_preset=&#8221;default&#8221; global_colors_info=&#8221;{}&#8221;][et_pb_video src=&#8221;https:\/\/www.youtube.com\/watch?v=i3h7GK2XAn0&#8243; _builder_version=&#8221;4.27.0&#8243; _module_preset=&#8221;default&#8221; global_colors_info=&#8221;{}&#8221;][\/et_pb_video][\/et_pb_column][\/et_pb_row][et_pb_row _builder_version=&#8221;4.16&#8243; _module_preset=&#8221;default&#8221; global_colors_info=&#8221;{}&#8221;][et_pb_column type=&#8221;4_4&#8243; _builder_version=&#8221;4.16&#8243; _module_preset=&#8221;default&#8221; global_colors_info=&#8221;{}&#8221;][et_pb_text _builder_version=&#8221;4.24.2&#8243; _module_preset=&#8221;default&#8221; text_orientation=&#8221;center&#8221; global_colors_info=&#8221;{}&#8221;]<\/p>\n<h1>Yleist\u00e4 kilpailusta<\/h1>\n<p>[\/et_pb_text][et_pb_text _builder_version=&#8221;4.27.0&#8243; _module_preset=&#8221;default&#8221; global_colors_info=&#8221;{}&#8221;]<\/p>\n<p><a href=\"https:\/\/shoot-bucket-dev.s3.amazonaws.com\/media\/22\/21278\/kilpailukutsu_r1-8.pdf\"><\/a><\/p>\n<p><strong>Tapahtuma ja tulokset:<\/strong><a href=\"https:\/\/www.youtube.com\/watch?v=i3h7GK2XAn0\" target=\"_blank\" rel=\"noopener\"><\/a><\/p>\n<ul>\n<li><a href=\"https:\/\/shootnscoreit.com\/sra\/results\/match\/21278\/selection\/\" target=\"_blank\" rel=\"noopener\">SSI TULOKSET<\/a><\/li>\n<li><a href=\"https:\/\/vatulanampumarata.net\/wp\/wp-content\/uploads\/2024\/08\/Kilpailukutsu.pdf\" target=\"_blank\" rel=\"noopener\">KILPAILUKUTSU<\/a><\/li>\n<li><a href=\"https:\/\/www.hirviurheilu.com\/races\/5978\" target=\"_blank\" rel=\"noopener\"><\/a><a href=\"https:\/\/vatulanampumarata.net\/wp\/wp-content\/uploads\/2024\/09\/hiekkamyrsky_R1-8_v4b.pdf\" target=\"_blank\" rel=\"noopener\">RASTIKUVAUKSET<\/a><\/li>\n<\/ul>\n<p><strong>Alueella huomioitavaa:<\/strong><\/p>\n<p><a href=\"https:\/\/vatulanampumarata.net\/wp\/wp-content\/uploads\/2024\/08\/VAUK_kartta_hiekkamyrksy.png\" target=\"_blank\" rel=\"noopener\">ALUEKARTTA<\/a><span face=\"Arial\"><\/span><\/p>\n<p><span face=\"Arial\"><strong>AJO-OHJEET<\/strong><br \/>Vatulan Ampumaurheilukeskus ry<br \/>Teerinevantie 30, 39530 Ikaalinen<br \/>61.71495897585628, 22.933176998179878<br \/><a href=\"https:\/\/maps.app.goo.gl\/hUz8QRswTCRgyY4V6\">https:\/\/maps.app.goo.gl\/hUz8QRswTCRgyY4V6<\/a><\/span><\/p>\n<p><span face=\"Arial\"><strong>Saapuminen:<\/strong> reitti\u00e4 E12 Vaasantie, k\u00e4\u00e4nny Ikaalisista J\u00e4mij\u00e4rventielle, josta opasteet kilpailupaikalle. Suosittelemme ett\u00e4 ajatte Ikaalisten-Kilvakkalan kautta. Navigaattorit ohjaavat etel\u00e4st\u00e4 tulevat mielell\u00e4\u00e4n H\u00e4meenkyr\u00f6n kohdalta pienemmille teille. Pys\u00e4k\u00f6intipaikat l\u00f6ytyv\u00e4t heti portin j\u00e4lkeen tieuran molemmin puolin ennen huoltorakennusta. Huomioikaa ett\u00e4 koko rata-alue luetaan kilpailualueeksi ja SRA s\u00e4\u00e4nn\u00f6t ovat n\u00e4in ollen alueella voimassa.<\/span><\/p>\n<p>[\/et_pb_text][\/et_pb_column][\/et_pb_row][et_pb_row _builder_version=&#8221;4.16&#8243; _module_preset=&#8221;default&#8221; global_colors_info=&#8221;{}&#8221;][et_pb_column type=&#8221;4_4&#8243; _builder_version=&#8221;4.16&#8243; _module_preset=&#8221;default&#8221; global_colors_info=&#8221;{}&#8221;][et_pb_text _builder_version=&#8221;4.27.0&#8243; _module_preset=&#8221;default&#8221; global_colors_info=&#8221;{}&#8221;]<\/p>\n<p><strong>Rastit:<\/strong> Kilpailussa ammutaan 8 rastia. K\u00e4ytett\u00e4v\u00e4t asetyypit ja minimi laukausm\u00e4\u00e4r\u00e4t ovat kiv\u00e4\u00e4ri (149lks), pistooli (69lks) ja haulikko (15lks). Maksimi ampuma et\u00e4isyydet ovat kiv\u00e4\u00e4rill\u00e4 noin 180m, pistoolilla 25m ja haulikolla 25m. Maksimi haulikoko on 2,5mm. Huomioitavaa on ett\u00e4 radalla ei saa ampua lyijyhauleja, joten on k\u00e4ytett\u00e4v\u00e4 ter\u00e4shaulia.<\/p>\n<p><strong>Kilpailuluokat:<\/strong> Avoin, vakio, TST. N\u00e4iden lis\u00e4ksi palkitaan joukkuekilpailun parhaat. Kilpailu ammutaan kolmena p\u00e4iv\u00e4n\u00e4. Toimitsijakilpailu ammutaan perjantaina 30.8. Varsinaisille kilpailup\u00e4iville 31.8-1.9 lauantai ja sunnuntai otetaan mukaan enint\u00e4\u00e4n 128 kilpailijaa. Ryhm\u00e4t 1-8 ampuvat lauantaina 31.8 ja ryhm\u00e4t 9-16 ampuvat sunnuntaina 1.9. Jaettavat ja arvottavat palkinnot ovat tuotepalkintoja ja lahjakortteja arvoltaan 70-600\u20ac.<\/p>\n<p><strong>Aikataulu:<\/strong> Kilpailu alkaa lauantaina ja sunnuntaina klo 08.30 ilmoittautumisella ja asetarkastuksella kilpailutoimistossa. Kilpailijapuhuttelu pidet\u00e4\u00e4n klo 09.30 ja ampuminen alkaa klo 10.00. Kaikille kilpailijoille on tarjolla kentt\u00e4lounas, joka toteutetaan porrastetusti rastien lomassa alkaen klo 12.30.<\/p>\n<p><strong>Ilmoittautuminen:<\/strong> Kilpailijoilla tulee olla voimassa oleva SRA-ampujan status ja vakuutus. Hyv\u00e4ksytyt vakuutukset ovat Toimintaturva, RUL-Plus, MPKL-ampumavakuutus tai SAL \u2013lisenssi. Todiste voimassa olevasta vakuutusturvasta ja SRA-statuksesta on esitett\u00e4v\u00e4 ilmoittautumisen yhteydess\u00e4.<\/p>\n<p><strong>Asetarkastus:<\/strong> Asetarkastuksessa tarkastetaan kiv\u00e4\u00e4ri, pistooli ja kotelo.<\/p>\n<p><strong>Muuta:<\/strong> Kilpailu ammutaan SRA 8.1 s\u00e4\u00e4nn\u00f6ill\u00e4. Kilpailussa k\u00e4ytetyt taulut ovat SRA 8.1 liite2 mukaisia. Kilpailun j\u00e4rjest\u00e4j\u00e4 varaa oikeuden rastien muutoksiin.<\/p>\n<p>Tiedustelut ja kysymykset: <a href=\"mailto:vaukry@gmail.com\">vaukry@gmail.com<\/a><\/p>\n<p>Kilpailunjohtaja: Antti Lahtinen<br \/>Ratamestari: Antti Saarilahti<\/p>\n<p>[\/et_pb_text][\/et_pb_column][\/et_pb_row][et_pb_row _builder_version=&#8221;4.24.2&#8243; _module_preset=&#8221;default&#8221; global_colors_info=&#8221;{}&#8221;][et_pb_column type=&#8221;4_4&#8243; _builder_version=&#8221;4.24.2&#8243; _module_preset=&#8221;default&#8221; global_colors_info=&#8221;{}&#8221;][et_pb_text _builder_version=&#8221;4.24.2&#8243; _module_preset=&#8221;default&#8221; global_colors_info=&#8221;{}&#8221;]<\/p>\n<h1 style=\"text-align: center;\">Yhteisty\u00f6ss\u00e4 mukana<\/h1>\n<p>[\/et_pb_text][\/et_pb_column][\/et_pb_row][et_pb_row column_structure=&#8221;1_3,1_3,1_3&#8243; use_custom_gutter=&#8221;on&#8221; make_equal=&#8221;on&#8221; _builder_version=&#8221;4.24.2&#8243; _module_preset=&#8221;default&#8221; global_colors_info=&#8221;{}&#8221;][et_pb_column type=&#8221;1_3&#8243; _builder_version=&#8221;4.24.2&#8243; _module_preset=&#8221;default&#8221; global_colors_info=&#8221;{}&#8221;][et_pb_image src=&#8221;https:\/\/vatulanampumarata.net\/wp\/wp-content\/uploads\/2024\/07\/LAPUA_logo_2024.jpg&#8221; title_text=&#8221;Lapua&#8221; url=&#8221;https:\/\/www.lapua.com\/&#8221; url_new_window=&#8221;on&#8221; _builder_version=&#8221;4.27.0&#8243; _module_preset=&#8221;default&#8221; global_colors_info=&#8221;{}&#8221;][\/et_pb_image][\/et_pb_column][et_pb_column type=&#8221;1_3&#8243; _builder_version=&#8221;4.24.2&#8243; _module_preset=&#8221;default&#8221; global_colors_info=&#8221;{}&#8221;][et_pb_image src=&#8221;https:\/\/vatulanampumarata.net\/wp\/wp-content\/uploads\/2024\/08\/varusteleka_2024_logo_RGB_posi_800.png&#8221; title_text=&#8221;Varusteleka&#8221; url=&#8221;https:\/\/www.varusteleka.fi\/&#8221; url_new_window=&#8221;on&#8221; _builder_version=&#8221;4.27.0&#8243; _module_preset=&#8221;default&#8221; global_colors_info=&#8221;{}&#8221;][\/et_pb_image][\/et_pb_column][et_pb_column type=&#8221;1_3&#8243; _builder_version=&#8221;4.24.2&#8243; _module_preset=&#8221;default&#8221; global_colors_info=&#8221;{}&#8221;][et_pb_image src=&#8221;https:\/\/vatulanampumarata.net\/wp\/wp-content\/uploads\/2024\/08\/militarimuseologo.jpg&#8221; title_text=&#8221;Militariamuseo&#8221; url=&#8221;https:\/\/www.militariamuseo.fi\/&#8221; url_new_window=&#8221;on&#8221; _builder_version=&#8221;4.27.0&#8243; _module_preset=&#8221;default&#8221; global_colors_info=&#8221;{}&#8221;][\/et_pb_image][\/et_pb_column][\/et_pb_row][et_pb_row column_structure=&#8221;1_3,1_3,1_3&#8243; use_custom_gutter=&#8221;on&#8221; make_equal=&#8221;on&#8221; _builder_version=&#8221;4.24.2&#8243; _module_preset=&#8221;default&#8221; global_colors_info=&#8221;{}&#8221;][et_pb_column type=&#8221;1_3&#8243; _builder_version=&#8221;4.24.2&#8243; _module_preset=&#8221;default&#8221; global_colors_info=&#8221;{}&#8221;][et_pb_image src=&#8221;https:\/\/vatulanampumarata.net\/wp\/wp-content\/uploads\/2024\/08\/Ase_Utra_rgb.jpg&#8221; title_text=&#8221;Ase Utra&#8221; url=&#8221;https:\/\/www.aseutra.fi\/&#8221; url_new_window=&#8221;on&#8221; _builder_version=&#8221;4.27.0&#8243; _module_preset=&#8221;default&#8221; global_colors_info=&#8221;{}&#8221;][\/et_pb_image][\/et_pb_column][et_pb_column type=&#8221;1_3&#8243; _builder_version=&#8221;4.24.2&#8243; _module_preset=&#8221;default&#8221; global_colors_info=&#8221;{}&#8221;][et_pb_image src=&#8221;https:\/\/vatulanampumarata.net\/wp\/wp-content\/uploads\/2024\/08\/Logo_png_300724.png&#8221; title_text=&#8221;Iron Point Finland&#8221; url=&#8221;https:\/\/www.ironpoint.fi\/&#8221; url_new_window=&#8221;on&#8221; _builder_version=&#8221;4.27.0&#8243; _module_preset=&#8221;default&#8221; global_colors_info=&#8221;{}&#8221;][\/et_pb_image][\/et_pb_column][et_pb_column type=&#8221;1_3&#8243; _builder_version=&#8221;4.24.2&#8243; _module_preset=&#8221;default&#8221; global_colors_info=&#8221;{}&#8221;][et_pb_image src=&#8221;https:\/\/vatulanampumarata.net\/wp\/wp-content\/uploads\/2024\/08\/TOTAL-SHOP-SUPPLY-DEPOT_Logo.png&#8221; title_text=&#8221;Total Shop&#8221; url=&#8221;https:\/\/www.totalshop.fi\/&#8221; url_new_window=&#8221;on&#8221; _builder_version=&#8221;4.27.0&#8243; _module_preset=&#8221;default&#8221; global_colors_info=&#8221;{}&#8221;][\/et_pb_image][\/et_pb_column][\/et_pb_row][et_pb_row column_structure=&#8221;1_3,1_3,1_3&#8243; use_custom_gutter=&#8221;on&#8221; make_equal=&#8221;on&#8221; _builder_version=&#8221;4.24.2&#8243; _module_preset=&#8221;default&#8221; global_colors_info=&#8221;{}&#8221;][et_pb_column type=&#8221;1_3&#8243; _builder_version=&#8221;4.24.2&#8243; _module_preset=&#8221;default&#8221; global_colors_info=&#8221;{}&#8221;][et_pb_image src=&#8221;https:\/\/vatulanampumarata.net\/wp\/wp-content\/uploads\/2024\/08\/asetalo-logo-virallinen-kelt.-pieni.png&#8221; title_text=&#8221;Asetalo&#8221; url=&#8221;https:\/\/www.asetalo.fi\/&#8221; url_new_window=&#8221;on&#8221; _builder_version=&#8221;4.27.0&#8243; _module_preset=&#8221;default&#8221; global_colors_info=&#8221;{}&#8221;][\/et_pb_image][\/et_pb_column][et_pb_column type=&#8221;1_3&#8243; _builder_version=&#8221;4.24.2&#8243; _module_preset=&#8221;default&#8221; global_colors_info=&#8221;{}&#8221;][et_pb_image src=&#8221;https:\/\/vatulanampumarata.net\/wp\/wp-content\/uploads\/2024\/08\/viranomainen_black_vertical.png&#8221; title_text=&#8221;Viranomainen&#8221; url=&#8221;https:\/\/viranomainen.fi\/&#8221; url_new_window=&#8221;on&#8221; _builder_version=&#8221;4.27.0&#8243; _module_preset=&#8221;default&#8221; global_colors_info=&#8221;{}&#8221;][\/et_pb_image][\/et_pb_column][et_pb_column type=&#8221;1_3&#8243; _builder_version=&#8221;4.24.2&#8243; _module_preset=&#8221;default&#8221; global_colors_info=&#8221;{}&#8221;][et_pb_image src=&#8221;https:\/\/vatulanampumarata.net\/wp\/wp-content\/uploads\/2024\/08\/Messenger_creation_0641c326-3cb5-4779-ab62-6371de6bdcff.jpg&#8221; title_text=&#8221;StellArmor&#8221; url_new_window=&#8221;on&#8221; _builder_version=&#8221;4.27.0&#8243; _module_preset=&#8221;default&#8221; global_colors_info=&#8221;{}&#8221;][\/et_pb_image][\/et_pb_column][\/et_pb_row][et_pb_row column_structure=&#8221;1_3,1_3,1_3&#8243; use_custom_gutter=&#8221;on&#8221; make_equal=&#8221;on&#8221; _builder_version=&#8221;4.24.2&#8243; _module_preset=&#8221;default&#8221; global_colors_info=&#8221;{}&#8221;][et_pb_column type=&#8221;1_3&#8243; _builder_version=&#8221;4.27.0&#8243; _module_preset=&#8221;default&#8221; global_colors_info=&#8221;{}&#8221;][et_pb_image src=&#8221;https:\/\/vatulanampumarata.net\/wp\/wp-content\/uploads\/2024\/08\/3HGR.png&#8221; title_text=&#8221;3HGR&#8221; url=&#8221;https:\/\/www.3hgr.fi\/&#8221; url_new_window=&#8221;on&#8221; _builder_version=&#8221;4.27.0&#8243; _module_preset=&#8221;default&#8221; global_colors_info=&#8221;{}&#8221;][\/et_pb_image][\/et_pb_column][et_pb_column type=&#8221;1_3&#8243; _builder_version=&#8221;4.24.2&#8243; _module_preset=&#8221;default&#8221; global_colors_info=&#8221;{}&#8221;][et_pb_image src=&#8221;https:\/\/vatulanampumarata.net\/wp\/wp-content\/uploads\/2024\/08\/image.png&#8221; title_text=&#8221;Ikaalinen SPA&#8221; url=&#8221;https:\/\/ikaalinenspa.fi\/&#8221; url_new_window=&#8221;on&#8221; _builder_version=&#8221;4.27.0&#8243; _module_preset=&#8221;default&#8221; global_colors_info=&#8221;{}&#8221;][\/et_pb_image][\/et_pb_column][et_pb_column type=&#8221;1_3&#8243; _builder_version=&#8221;4.24.2&#8243; _module_preset=&#8221;default&#8221; global_colors_info=&#8221;{}&#8221;][et_pb_image src=&#8221;https:\/\/vatulanampumarata.net\/wp\/wp-content\/uploads\/2024\/08\/RS-LOGO-TEKSTILLA-ILMAN-TAUSTAA.png&#8221; title_text=&#8221;Ruutisavu&#8221; url=&#8221;https:\/\/ruutisavu.fi\/&#8221; url_new_window=&#8221;on&#8221; _builder_version=&#8221;4.27.0&#8243; _module_preset=&#8221;default&#8221; global_colors_info=&#8221;{}&#8221;][\/et_pb_image][\/et_pb_column][\/et_pb_row][et_pb_row _builder_version=&#8221;4.27.0&#8243; _module_preset=&#8221;default&#8221; global_colors_info=&#8221;{}&#8221;][et_pb_column type=&#8221;4_4&#8243; _builder_version=&#8221;4.27.0&#8243; _module_preset=&#8221;default&#8221; global_colors_info=&#8221;{}&#8221;][et_pb_image src=&#8221;https:\/\/vatulanampumarata.net\/wp\/wp-content\/uploads\/2024\/08\/VAUK_TAJ-e1724431327987.png&#8221; title_text=&#8221;VAUK Toimintajaos&#8221; align=&#8221;center&#8221; _builder_version=&#8221;4.27.0&#8243; _module_preset=&#8221;default&#8221; global_colors_info=&#8221;{}&#8221;][\/et_pb_image][\/et_pb_column][\/et_pb_row][\/et_pb_section][et_pb_section fb_built=&#8221;1&#8243; _builder_version=&#8221;4.16&#8243; _module_preset=&#8221;default&#8221; global_colors_info=&#8221;{}&#8221;][\/et_pb_section]<\/p>\n","protected":false},"excerpt":{"rendered":"<p>Vatulan Hiekkamyrsky SRA kilpailu Ikaalisten Reservil\u00e4iset \/ Ikaalisten Reserviupseerikerho 30.8.-1.9.2024Yleist\u00e4 kilpailusta Tapahtuma ja tulokset: SSI TULOKSET KILPAILUKUTSU RASTIKUVAUKSET Alueella huomioitavaa: ALUEKARTTA AJO-OHJEETVatulan Ampumaurheilukeskus ryTeerinevantie 30, 39530 Ikaalinen61.71495897585628, 22.933176998179878https:\/\/maps.app.goo.gl\/hUz8QRswTCRgyY4V6 Saapuminen: reitti\u00e4 E12 Vaasantie, k\u00e4\u00e4nny Ikaalisista J\u00e4mij\u00e4rventielle, josta opasteet kilpailupaikalle. Suosittelemme ett\u00e4 ajatte Ikaalisten-Kilvakkalan kautta. Navigaattorit ohjaavat etel\u00e4st\u00e4 tulevat mielell\u00e4\u00e4n H\u00e4meenkyr\u00f6n kohdalta pienemmille teille. Pys\u00e4k\u00f6intipaikat l\u00f6ytyv\u00e4t heti [&hellip;]<\/p>\n","protected":false},"author":1,"featured_media":0,"parent":0,"menu_order":0,"comment_status":"closed","ping_status":"closed","template":"","meta":{"_et_pb_use_builder":"on","_et_pb_old_content":"<!-- wp:divi\/placeholder \/-->","_et_gb_content_width":"","_monsterinsights_skip_tracking":false,"_monsterinsights_sitenote_active":false,"_monsterinsights_sitenote_note":"","_monsterinsights_sitenote_category":0,"footnotes":""},"class_list":["post-669","page","type-page","status-publish","hentry"],"aioseo_notices":[],"_links":{"self":[{"href":"https:\/\/vatulanampumarata.net\/wp\/wp-json\/wp\/v2\/pages\/669","targetHints":{"allow":["GET"]}}],"collection":[{"href":"https:\/\/vatulanampumarata.net\/wp\/wp-json\/wp\/v2\/pages"}],"about":[{"href":"https:\/\/vatulanampumarata.net\/wp\/wp-json\/wp\/v2\/types\/page"}],"author":[{"embeddable":true,"href":"https:\/\/vatulanampumarata.net\/wp\/wp-json\/wp\/v2\/users\/1"}],"replies":[{"embeddable":true,"href":"https:\/\/vatulanampumarata.net\/wp\/wp-json\/wp\/v2\/comments?post=669"}],"version-history":[{"count":16,"href":"https:\/\/vatulanampumarata.net\/wp\/wp-json\/wp\/v2\/pages\/669\/revisions"}],"predecessor-version":[{"id":728,"href":"https:\/\/vatulanampumarata.net\/wp\/wp-json\/wp\/v2\/pages\/669\/revisions\/728"}],"wp:attachment":[{"href":"https:\/\/vatulanampumarata.net\/wp\/wp-json\/wp\/v2\/media?parent=669"}],"curies":[{"name":"wp","href":"https:\/\/api.w.org\/{rel}","templated":true}]}}